{"id":51,"date":"2025-01-30T11:51:38","date_gmt":"2025-01-30T11:51:38","guid":{"rendered":"https:\/\/sanchezayllon.rkinformatika.online\/?page_id=51"},"modified":"2025-02-10T16:14:44","modified_gmt":"2025-02-10T16:14:44","slug":"productos","status":"publish","type":"page","link":"https:\/\/sanchezayllon.com\/en\/productos\/","title":{"rendered":"Products"},"content":{"rendered":"<div data-elementor-type=\"wp-page\" data-elementor-id=\"51\" class=\"elementor elementor-51\" data-elementor-post-type=\"page\">\n\t\t\t\t<div class=\"elementor-element elementor-element-6407570 e-flex e-con-boxed e-con e-parent\" data-id=\"6407570\" data-element_type=\"container\" data-e-type=\"container\" data-settings=\"{&quot;background_background&quot;:&quot;classic&quot;}\">\n\t\t\t\t\t<div class=\"e-con-inner\">\n\t\t\t\t\t<\/div>\n\t\t\t\t<\/div>\n\t\t\t\t<section class=\"elementor-section elementor-top-section elementor-element elementor-element-c27903c elementor-section-height-min-height elementor-section-boxed elementor-section-height-default elementor-section-items-middle\" data-id=\"c27903c\" data-element_type=\"section\" data-e-type=\"section\" data-settings=\"{&quot;background_background&quot;:&quot;classic&quot;}\">\n\t\t\t\t\t\t\t<div class=\"elementor-background-overlay\"><\/div>\n\t\t\t\t\t\t\t<div class=\"elementor-container elementor-column-gap-default\">\n\t\t\t\t\t<div class=\"elementor-column elementor-col-100 elementor-top-column elementor-element elementor-element-811d786\" data-id=\"811d786\" data-element_type=\"column\" data-e-type=\"column\">\n\t\t\t<div class=\"elementor-widget-wrap elementor-element-populated\">\n\t\t\t\t\t\t<div class=\"elementor-element elementor-element-b86d5ba animated-slow elementor-invisible elementor-widget elementor-widget-heading\" data-id=\"b86d5ba\" data-element_type=\"widget\" data-e-type=\"widget\" data-settings=\"{&quot;_animation&quot;:&quot;fadeIn&quot;}\" data-widget_type=\"heading.default\">\n\t\t\t\t<div class=\"elementor-widget-container\">\n\t\t\t\t\t<h1 class=\"elementor-heading-title elementor-size-default\">Nuestros Productos <\/h1>\t\t\t\t<\/div>\n\t\t\t\t<\/div>\n\t\t\t\t<div class=\"elementor-element elementor-element-39fa4cd animated-slow elementor-invisible elementor-widget elementor-widget-heading\" data-id=\"39fa4cd\" data-element_type=\"widget\" data-e-type=\"widget\" data-settings=\"{&quot;_animation&quot;:&quot;fadeIn&quot;}\" data-widget_type=\"heading.default\">\n\t\t\t\t<div class=\"elementor-widget-container\">\n\t\t\t\t\t<h2 class=\"elementor-heading-title elementor-size-default\">En S\u00e1nchez Ayll\u00f3n, seleccionamos cuidadosamente cada producto para garantizar la mejor calidad y frescura. \n<br><br>\nTrabajamos directamente con los productores, supervisando cada etapa, desde el cultivo hasta la distribuci\u00f3n, para ofrecer lo mejor del campo a su mesa.<\/h2>\t\t\t\t<\/div>\n\t\t\t\t<\/div>\n\t\t\t\t<div class=\"elementor-element elementor-element-1e72db3 elementor-widget elementor-widget-spacer\" data-id=\"1e72db3\" data-element_type=\"widget\" data-e-type=\"widget\" data-widget_type=\"spacer.default\">\n\t\t\t\t<div class=\"elementor-widget-container\">\n\t\t\t\t\t\t\t<div class=\"elementor-spacer\">\n\t\t\t<div class=\"elementor-spacer-inner\"><\/div>\n\t\t<\/div>\n\t\t\t\t\t\t<\/div>\n\t\t\t\t<\/div>\n\t\t\t\t<div class=\"elementor-element elementor-element-f95a03e animated-slow elementor-invisible elementor-widget elementor-widget-heading\" data-id=\"f95a03e\" data-element_type=\"widget\" data-e-type=\"widget\" data-settings=\"{&quot;_animation&quot;:&quot;fadeIn&quot;}\" data-widget_type=\"heading.default\">\n\t\t\t\t<div class=\"elementor-widget-container\">\n\t\t\t\t\t<h3 class=\"elementor-heading-title elementor-size-default\">Hortalizas y Verduras:<\/h3>\t\t\t\t<\/div>\n\t\t\t\t<\/div>\n\t\t\t\t<div class=\"elementor-element elementor-element-46fb0ee animated-slow elementor-invisible elementor-widget elementor-widget-heading\" data-id=\"46fb0ee\" data-element_type=\"widget\" data-e-type=\"widget\" data-settings=\"{&quot;_animation&quot;:&quot;fadeIn&quot;}\" data-widget_type=\"heading.default\">\n\t\t\t\t<div class=\"elementor-widget-container\">\n\t\t\t\t\t<h2 class=\"elementor-heading-title elementor-size-default\">Pimientos, br\u00f3coli, tomates, lechugas, coles, calabac\u00edn, jud\u00edas, guisantes y habas tiernas.<\/h2>\t\t\t\t<\/div>\n\t\t\t\t<\/div>\n\t\t<div class=\"elementor-element elementor-element-bb16096 e-flex e-con-boxed e-con e-parent\" data-id=\"bb16096\" data-element_type=\"container\" data-e-type=\"container\">\n\t\t\t\t\t<div class=\"e-con-inner\">\n\t\t\t\t<div class=\"elementor-element elementor-element-9757f6c elementor-arrows-position-outside elementor-widget elementor-widget-image-carousel\" data-id=\"9757f6c\" data-element_type=\"widget\" data-e-type=\"widget\" data-settings=\"{&quot;slides_to_show&quot;:&quot;1&quot;,&quot;navigation&quot;:&quot;arrows&quot;,&quot;autoplay&quot;:&quot;yes&quot;,&quot;pause_on_hover&quot;:&quot;yes&quot;,&quot;pause_on_interaction&quot;:&quot;yes&quot;,&quot;autoplay_speed&quot;:5000,&quot;infinite&quot;:&quot;yes&quot;,&quot;effect&quot;:&quot;slide&quot;,&quot;speed&quot;:500}\" data-widget_type=\"image-carousel.default\">\n\t\t\t\t<div class=\"elementor-widget-container\">\n\t\t\t\t\t\t\t<div class=\"elementor-image-carousel-wrapper swiper\" role=\"region\" aria-roledescription=\"carousel\" aria-label=\"Carrusel de im\u00e1genes\" dir=\"ltr\">\n\t\t\t<div class=\"elementor-image-carousel swiper-wrapper\" aria-live=\"off\">\n\t\t\t\t\t\t\t\t<div class=\"swiper-slide\" role=\"group\" aria-roledescription=\"slide\" aria-label=\"1 de 4\"><figure class=\"swiper-slide-inner\"><img decoding=\"async\" class=\"swiper-slide-image\" src=\"https:\/\/sanchezayllon.com\/wp-content\/uploads\/2025\/02\/F4CAEA7E-5DD6-4744-8EC4-3CC7ABFE50A2-Alberto-SANCHEZ-Ayllon-scaled.jpeg\" alt=\"F4CAEA7E-5DD6-4744-8EC4-3CC7ABFE50A2 - Alberto SANCHEZ Ayllon\" \/><\/figure><\/div><div class=\"swiper-slide\" role=\"group\" aria-roledescription=\"slide\" aria-label=\"2 de 4\"><figure class=\"swiper-slide-inner\"><img decoding=\"async\" class=\"swiper-slide-image\" src=\"https:\/\/sanchezayllon.com\/wp-content\/uploads\/2025\/02\/D9A6528D-7181-48A3-9DA1-0B3EE794AD92-Alberto-SANCHEZ-Ayllon-scaled.jpeg\" alt=\"D9A6528D-7181-48A3-9DA1-0B3EE794AD92 - Alberto SANCHEZ Ayllon\" \/><\/figure><\/div><div class=\"swiper-slide\" role=\"group\" aria-roledescription=\"slide\" aria-label=\"3 de 4\"><figure class=\"swiper-slide-inner\"><img decoding=\"async\" class=\"swiper-slide-image\" src=\"https:\/\/sanchezayllon.com\/wp-content\/uploads\/2025\/02\/16F93BA7-6D1C-4C13-A29B-28458C7D58D9-Alberto-SANCHEZ-Ayllon.jpeg\" alt=\"16F93BA7-6D1C-4C13-A29B-28458C7D58D9 - Alberto SANCHEZ Ayllon\" \/><\/figure><\/div><div class=\"swiper-slide\" role=\"group\" aria-roledescription=\"slide\" aria-label=\"4 de 4\"><figure class=\"swiper-slide-inner\"><img decoding=\"async\" class=\"swiper-slide-image\" src=\"https:\/\/sanchezayllon.com\/wp-content\/uploads\/2025\/02\/2E24467F-0B84-4A66-B26C-6C116F33DFBB-Alberto-SANCHEZ-Ayllon-scaled.jpeg\" alt=\"2E24467F-0B84-4A66-B26C-6C116F33DFBB - Alberto SANCHEZ Ayllon\" \/><\/figure><\/div>\t\t\t<\/div>\n\t\t\t\t\t\t\t\t\t\t\t\t<div class=\"elementor-swiper-button elementor-swiper-button-prev\" role=\"button\" tabindex=\"0\">\n\t\t\t\t\t\t<svg aria-hidden=\"true\" class=\"e-font-icon-svg e-eicon-chevron-left\" viewbox=\"0 0 1000 1000\" xmlns=\"http:\/\/www.w3.org\/2000\/svg\"><path d=\"M646 125C629 125 613 133 604 142L308 442C296 454 292 471 292 487 292 504 296 521 308 533L604 854C617 867 629 875 646 875 663 875 679 871 692 858 704 846 713 829 713 812 713 796 708 779 692 767L438 487 692 225C700 217 708 204 708 187 708 171 704 154 692 142 675 129 663 125 646 125Z\"><\/path><\/svg>\t\t\t\t\t<\/div>\n\t\t\t\t\t<div class=\"elementor-swiper-button elementor-swiper-button-next\" role=\"button\" tabindex=\"0\">\n\t\t\t\t\t\t<svg aria-hidden=\"true\" class=\"e-font-icon-svg e-eicon-chevron-right\" viewbox=\"0 0 1000 1000\" xmlns=\"http:\/\/www.w3.org\/2000\/svg\"><path d=\"M696 533C708 521 713 504 713 487 713 471 708 454 696 446L400 146C388 133 375 125 354 125 338 125 325 129 313 142 300 154 292 171 292 187 292 204 296 221 308 233L563 492 304 771C292 783 288 800 288 817 288 833 296 850 308 863 321 871 338 875 354 875 371 875 388 867 400 854L696 533Z\"><\/path><\/svg>\t\t\t\t\t<\/div>\n\t\t\t\t\n\t\t\t\t\t\t\t\t\t<\/div>\n\t\t\t\t\t\t<\/div>\n\t\t\t\t<\/div>\n\t\t\t\t\t<\/div>\n\t\t\t\t<\/div>\n\t\t\t\t<div class=\"elementor-element elementor-element-a6e69b5 elementor-widget elementor-widget-spacer\" data-id=\"a6e69b5\" data-element_type=\"widget\" data-e-type=\"widget\" data-widget_type=\"spacer.default\">\n\t\t\t\t<div class=\"elementor-widget-container\">\n\t\t\t\t\t\t\t<div class=\"elementor-spacer\">\n\t\t\t<div class=\"elementor-spacer-inner\"><\/div>\n\t\t<\/div>\n\t\t\t\t\t\t<\/div>\n\t\t\t\t<\/div>\n\t\t\t\t<div class=\"elementor-element elementor-element-c92a84b animated-slow elementor-invisible elementor-widget elementor-widget-heading\" data-id=\"c92a84b\" data-element_type=\"widget\" data-e-type=\"widget\" data-settings=\"{&quot;_animation&quot;:&quot;fadeIn&quot;}\" data-widget_type=\"heading.default\">\n\t\t\t\t<div class=\"elementor-widget-container\">\n\t\t\t\t\t<h3 class=\"elementor-heading-title elementor-size-default\">Frutas Frescas:<\/h3>\t\t\t\t<\/div>\n\t\t\t\t<\/div>\n\t\t\t\t<div class=\"elementor-element elementor-element-0846d40 animated-slow elementor-invisible elementor-widget elementor-widget-heading\" data-id=\"0846d40\" data-element_type=\"widget\" data-e-type=\"widget\" data-settings=\"{&quot;_animation&quot;:&quot;fadeIn&quot;}\" data-widget_type=\"heading.default\">\n\t\t\t\t<div class=\"elementor-widget-container\">\n\t\t\t\t\t<h2 class=\"elementor-heading-title elementor-size-default\">Melones, sand\u00edas, naranjas y limones, seleccionados con el m\u00e1ximo rigor.<\/h2>\t\t\t\t<\/div>\n\t\t\t\t<\/div>\n\t\t<div class=\"elementor-element elementor-element-d4159ae e-flex e-con-boxed e-con e-parent\" data-id=\"d4159ae\" data-element_type=\"container\" data-e-type=\"container\">\n\t\t\t\t\t<div class=\"e-con-inner\">\n\t\t\t\t<div class=\"elementor-element elementor-element-0bab81e elementor-arrows-position-outside elementor-widget elementor-widget-image-carousel\" data-id=\"0bab81e\" data-element_type=\"widget\" data-e-type=\"widget\" data-settings=\"{&quot;slides_to_show&quot;:&quot;1&quot;,&quot;navigation&quot;:&quot;arrows&quot;,&quot;autoplay&quot;:&quot;yes&quot;,&quot;pause_on_hover&quot;:&quot;yes&quot;,&quot;pause_on_interaction&quot;:&quot;yes&quot;,&quot;autoplay_speed&quot;:5000,&quot;infinite&quot;:&quot;yes&quot;,&quot;effect&quot;:&quot;slide&quot;,&quot;speed&quot;:500}\" data-widget_type=\"image-carousel.default\">\n\t\t\t\t<div class=\"elementor-widget-container\">\n\t\t\t\t\t\t\t<div class=\"elementor-image-carousel-wrapper swiper\" role=\"region\" aria-roledescription=\"carousel\" aria-label=\"Carrusel de im\u00e1genes\" dir=\"ltr\">\n\t\t\t<div class=\"elementor-image-carousel swiper-wrapper\" aria-live=\"off\">\n\t\t\t\t\t\t\t\t<div class=\"swiper-slide\" role=\"group\" aria-roledescription=\"slide\" aria-label=\"1 de 2\"><figure class=\"swiper-slide-inner\"><img decoding=\"async\" class=\"swiper-slide-image\" src=\"https:\/\/sanchezayllon.com\/wp-content\/uploads\/2025\/02\/6CCF032D-EB67-4011-9C81-C5C1E4DD1ADB-Alberto-SANCHEZ-Ayllon.jpeg\" alt=\"6CCF032D-EB67-4011-9C81-C5C1E4DD1ADB - Alberto SANCHEZ Ayllon\" \/><\/figure><\/div><div class=\"swiper-slide\" role=\"group\" aria-roledescription=\"slide\" aria-label=\"2 de 2\"><figure class=\"swiper-slide-inner\"><img decoding=\"async\" class=\"swiper-slide-image\" src=\"https:\/\/sanchezayllon.com\/wp-content\/uploads\/2025\/02\/3CC25393-5A29-487F-AACD-DEE88357F1C1-Alberto-SANCHEZ-Ayllon-scaled.jpeg\" alt=\"3CC25393-5A29-487F-AACD-DEE88357F1C1 - Alberto SANCHEZ Ayllon\" \/><\/figure><\/div>\t\t\t<\/div>\n\t\t\t\t\t\t\t\t\t\t\t\t<div class=\"elementor-swiper-button elementor-swiper-button-prev\" role=\"button\" tabindex=\"0\">\n\t\t\t\t\t\t<svg aria-hidden=\"true\" class=\"e-font-icon-svg e-eicon-chevron-left\" viewbox=\"0 0 1000 1000\" xmlns=\"http:\/\/www.w3.org\/2000\/svg\"><path d=\"M646 125C629 125 613 133 604 142L308 442C296 454 292 471 292 487 292 504 296 521 308 533L604 854C617 867 629 875 646 875 663 875 679 871 692 858 704 846 713 829 713 812 713 796 708 779 692 767L438 487 692 225C700 217 708 204 708 187 708 171 704 154 692 142 675 129 663 125 646 125Z\"><\/path><\/svg>\t\t\t\t\t<\/div>\n\t\t\t\t\t<div class=\"elementor-swiper-button elementor-swiper-button-next\" role=\"button\" tabindex=\"0\">\n\t\t\t\t\t\t<svg aria-hidden=\"true\" class=\"e-font-icon-svg e-eicon-chevron-right\" viewbox=\"0 0 1000 1000\" xmlns=\"http:\/\/www.w3.org\/2000\/svg\"><path d=\"M696 533C708 521 713 504 713 487 713 471 708 454 696 446L400 146C388 133 375 125 354 125 338 125 325 129 313 142 300 154 292 171 292 187 292 204 296 221 308 233L563 492 304 771C292 783 288 800 288 817 288 833 296 850 308 863 321 871 338 875 354 875 371 875 388 867 400 854L696 533Z\"><\/path><\/svg>\t\t\t\t\t<\/div>\n\t\t\t\t\n\t\t\t\t\t\t\t\t\t<\/div>\n\t\t\t\t\t\t<\/div>\n\t\t\t\t<\/div>\n\t\t\t\t\t<\/div>\n\t\t\t\t<\/div>\n\t\t\t\t\t<\/div>\n\t\t<\/div>\n\t\t\t\t\t<\/div>\n\t\t<\/section>\n\t\t\t\t<\/div>","protected":false},"excerpt":{"rendered":"<p>Nuestros Productos En S\u00e1nchez Ayll\u00f3n, seleccionamos cuidadosamente cada producto para garantizar la mejor calidad y frescura. Trabajamos directamente con los productores, supervisando cada etapa, desde el cultivo hasta la distribuci\u00f3n, para ofrecer lo mejor del campo a su mesa. Hortalizas y Verduras: Pimientos, br\u00f3coli, tomates, lechugas, coles, calabac\u00edn, jud\u00edas, guisantes y habas tiernas. Frutas Frescas: [&hellip;]<\/p>\n","protected":false},"author":1,"featured_media":0,"parent":0,"menu_order":0,"comment_status":"closed","ping_status":"closed","template":"elementor_canvas","meta":{"footnotes":""},"class_list":["post-51","page","type-page","status-publish","hentry"],"yoast_head":"<!-- This site is optimized with the Yoast SEO plugin v27.5 - https:\/\/yoast.com\/product\/yoast-seo-wordpress\/ -->\n<title>Productos - Sanchezayllon<\/title>\n<meta name=\"robots\" content=\"index, follow, max-snippet:-1, max-image-preview:large, max-video-preview:-1\" \/>\n<link rel=\"canonical\" href=\"https:\/\/sanchezayllon.com\/en\/productos\/\" \/>\n<meta property=\"og:locale\" content=\"en_GB\" \/>\n<meta property=\"og:type\" content=\"article\" \/>\n<meta property=\"og:title\" content=\"Productos - Sanchezayllon\" \/>\n<meta property=\"og:description\" content=\"Nuestros Productos En S\u00e1nchez Ayll\u00f3n, seleccionamos cuidadosamente cada producto para garantizar la mejor calidad y frescura. Trabajamos directamente con los productores, supervisando cada etapa, desde el cultivo hasta la distribuci\u00f3n, para ofrecer lo mejor del campo a su mesa. Hortalizas y Verduras: Pimientos, br\u00f3coli, tomates, lechugas, coles, calabac\u00edn, jud\u00edas, guisantes y habas tiernas. Frutas Frescas: [&hellip;]\" \/>\n<meta property=\"og:url\" content=\"https:\/\/sanchezayllon.com\/en\/productos\/\" \/>\n<meta property=\"og:site_name\" content=\"Sanchezayllon\" \/>\n<meta property=\"article:modified_time\" content=\"2025-02-10T16:14:44+00:00\" \/>\n<meta property=\"og:image\" content=\"https:\/\/sanchezayllon.com\/wp-content\/uploads\/2025\/02\/F4CAEA7E-5DD6-4744-8EC4-3CC7ABFE50A2-Alberto-SANCHEZ-Ayllon-scaled.jpeg\" \/>\n<meta name=\"twitter:card\" content=\"summary_large_image\" \/>\n<meta name=\"twitter:label1\" content=\"Estimated reading time\" \/>\n\t<meta name=\"twitter:data1\" content=\"3 minutes\" \/>\n<script type=\"application\/ld+json\" class=\"yoast-schema-graph\">{\"@context\":\"https:\\\/\\\/schema.org\",\"@graph\":[{\"@type\":\"WebPage\",\"@id\":\"https:\\\/\\\/sanchezayllon.com\\\/productos\\\/\",\"url\":\"https:\\\/\\\/sanchezayllon.com\\\/productos\\\/\",\"name\":\"Productos - Sanchezayllon\",\"isPartOf\":{\"@id\":\"https:\\\/\\\/sanchezayllon.com\\\/#website\"},\"primaryImageOfPage\":{\"@id\":\"https:\\\/\\\/sanchezayllon.com\\\/productos\\\/#primaryimage\"},\"image\":{\"@id\":\"https:\\\/\\\/sanchezayllon.com\\\/productos\\\/#primaryimage\"},\"thumbnailUrl\":\"https:\\\/\\\/sanchezayllon.com\\\/wp-content\\\/uploads\\\/2025\\\/02\\\/F4CAEA7E-5DD6-4744-8EC4-3CC7ABFE50A2-Alberto-SANCHEZ-Ayllon-scaled.jpeg\",\"datePublished\":\"2025-01-30T11:51:38+00:00\",\"dateModified\":\"2025-02-10T16:14:44+00:00\",\"breadcrumb\":{\"@id\":\"https:\\\/\\\/sanchezayllon.com\\\/productos\\\/#breadcrumb\"},\"inLanguage\":\"en-GB\",\"potentialAction\":[{\"@type\":\"ReadAction\",\"target\":[\"https:\\\/\\\/sanchezayllon.com\\\/productos\\\/\"]}]},{\"@type\":\"ImageObject\",\"inLanguage\":\"en-GB\",\"@id\":\"https:\\\/\\\/sanchezayllon.com\\\/productos\\\/#primaryimage\",\"url\":\"https:\\\/\\\/sanchezayllon.com\\\/wp-content\\\/uploads\\\/2025\\\/02\\\/F4CAEA7E-5DD6-4744-8EC4-3CC7ABFE50A2-Alberto-SANCHEZ-Ayllon-scaled.jpeg\",\"contentUrl\":\"https:\\\/\\\/sanchezayllon.com\\\/wp-content\\\/uploads\\\/2025\\\/02\\\/F4CAEA7E-5DD6-4744-8EC4-3CC7ABFE50A2-Alberto-SANCHEZ-Ayllon-scaled.jpeg\"},{\"@type\":\"BreadcrumbList\",\"@id\":\"https:\\\/\\\/sanchezayllon.com\\\/productos\\\/#breadcrumb\",\"itemListElement\":[{\"@type\":\"ListItem\",\"position\":1,\"name\":\"Portada\",\"item\":\"https:\\\/\\\/sanchezayllon.com\\\/\"},{\"@type\":\"ListItem\",\"position\":2,\"name\":\"Productos\"}]},{\"@type\":\"WebSite\",\"@id\":\"https:\\\/\\\/sanchezayllon.com\\\/#website\",\"url\":\"https:\\\/\\\/sanchezayllon.com\\\/\",\"name\":\"Sanchezayllon\",\"description\":\"Comercializadora de Productos Hortofrut\u00edcolas\",\"publisher\":{\"@id\":\"https:\\\/\\\/sanchezayllon.com\\\/#organization\"},\"potentialAction\":[{\"@type\":\"SearchAction\",\"target\":{\"@type\":\"EntryPoint\",\"urlTemplate\":\"https:\\\/\\\/sanchezayllon.com\\\/?s={search_term_string}\"},\"query-input\":{\"@type\":\"PropertyValueSpecification\",\"valueRequired\":true,\"valueName\":\"search_term_string\"}}],\"inLanguage\":\"en-GB\"},{\"@type\":\"Organization\",\"@id\":\"https:\\\/\\\/sanchezayllon.com\\\/#organization\",\"name\":\"Sanchezayllon\",\"url\":\"https:\\\/\\\/sanchezayllon.com\\\/\",\"logo\":{\"@type\":\"ImageObject\",\"inLanguage\":\"en-GB\",\"@id\":\"https:\\\/\\\/sanchezayllon.com\\\/#\\\/schema\\\/logo\\\/image\\\/\",\"url\":\"https:\\\/\\\/sanchezayllon.com\\\/wp-content\\\/uploads\\\/2025\\\/02\\\/cropped-Sanchez-ayllon-Logo_Mesa-de-trabajo-1.png\",\"contentUrl\":\"https:\\\/\\\/sanchezayllon.com\\\/wp-content\\\/uploads\\\/2025\\\/02\\\/cropped-Sanchez-ayllon-Logo_Mesa-de-trabajo-1.png\",\"width\":1919,\"height\":628,\"caption\":\"Sanchezayllon\"},\"image\":{\"@id\":\"https:\\\/\\\/sanchezayllon.com\\\/#\\\/schema\\\/logo\\\/image\\\/\"}}]}<\/script>\n<!-- \/ Yoast SEO plugin. -->","yoast_head_json":{"title":"Productos - Sanchezayllon","robots":{"index":"index","follow":"follow","max-snippet":"max-snippet:-1","max-image-preview":"max-image-preview:large","max-video-preview":"max-video-preview:-1"},"canonical":"https:\/\/sanchezayllon.com\/en\/productos\/","og_locale":"en_GB","og_type":"article","og_title":"Productos - Sanchezayllon","og_description":"Nuestros Productos En S\u00e1nchez Ayll\u00f3n, seleccionamos cuidadosamente cada producto para garantizar la mejor calidad y frescura. Trabajamos directamente con los productores, supervisando cada etapa, desde el cultivo hasta la distribuci\u00f3n, para ofrecer lo mejor del campo a su mesa. Hortalizas y Verduras: Pimientos, br\u00f3coli, tomates, lechugas, coles, calabac\u00edn, jud\u00edas, guisantes y habas tiernas. Frutas Frescas: [&hellip;]","og_url":"https:\/\/sanchezayllon.com\/en\/productos\/","og_site_name":"Sanchezayllon","article_modified_time":"2025-02-10T16:14:44+00:00","og_image":[{"url":"https:\/\/sanchezayllon.com\/wp-content\/uploads\/2025\/02\/F4CAEA7E-5DD6-4744-8EC4-3CC7ABFE50A2-Alberto-SANCHEZ-Ayllon-scaled.jpeg","type":"","width":"","height":""}],"twitter_card":"summary_large_image","twitter_misc":{"Estimated reading time":"3 minutes"},"schema":{"@context":"https:\/\/schema.org","@graph":[{"@type":"WebPage","@id":"https:\/\/sanchezayllon.com\/productos\/","url":"https:\/\/sanchezayllon.com\/productos\/","name":"Productos - Sanchezayllon","isPartOf":{"@id":"https:\/\/sanchezayllon.com\/#website"},"primaryImageOfPage":{"@id":"https:\/\/sanchezayllon.com\/productos\/#primaryimage"},"image":{"@id":"https:\/\/sanchezayllon.com\/productos\/#primaryimage"},"thumbnailUrl":"https:\/\/sanchezayllon.com\/wp-content\/uploads\/2025\/02\/F4CAEA7E-5DD6-4744-8EC4-3CC7ABFE50A2-Alberto-SANCHEZ-Ayllon-scaled.jpeg","datePublished":"2025-01-30T11:51:38+00:00","dateModified":"2025-02-10T16:14:44+00:00","breadcrumb":{"@id":"https:\/\/sanchezayllon.com\/productos\/#breadcrumb"},"inLanguage":"en-GB","potentialAction":[{"@type":"ReadAction","target":["https:\/\/sanchezayllon.com\/productos\/"]}]},{"@type":"ImageObject","inLanguage":"en-GB","@id":"https:\/\/sanchezayllon.com\/productos\/#primaryimage","url":"https:\/\/sanchezayllon.com\/wp-content\/uploads\/2025\/02\/F4CAEA7E-5DD6-4744-8EC4-3CC7ABFE50A2-Alberto-SANCHEZ-Ayllon-scaled.jpeg","contentUrl":"https:\/\/sanchezayllon.com\/wp-content\/uploads\/2025\/02\/F4CAEA7E-5DD6-4744-8EC4-3CC7ABFE50A2-Alberto-SANCHEZ-Ayllon-scaled.jpeg"},{"@type":"BreadcrumbList","@id":"https:\/\/sanchezayllon.com\/productos\/#breadcrumb","itemListElement":[{"@type":"ListItem","position":1,"name":"Portada","item":"https:\/\/sanchezayllon.com\/"},{"@type":"ListItem","position":2,"name":"Productos"}]},{"@type":"WebSite","@id":"https:\/\/sanchezayllon.com\/#website","url":"https:\/\/sanchezayllon.com\/","name":"Sanchezayllon","description":"Comercializadora de Productos Hortofrut\u00edcolas","publisher":{"@id":"https:\/\/sanchezayllon.com\/#organization"},"potentialAction":[{"@type":"SearchAction","target":{"@type":"EntryPoint","urlTemplate":"https:\/\/sanchezayllon.com\/?s={search_term_string}"},"query-input":{"@type":"PropertyValueSpecification","valueRequired":true,"valueName":"search_term_string"}}],"inLanguage":"en-GB"},{"@type":"Organization","@id":"https:\/\/sanchezayllon.com\/#organization","name":"Sanchezayllon","url":"https:\/\/sanchezayllon.com\/","logo":{"@type":"ImageObject","inLanguage":"en-GB","@id":"https:\/\/sanchezayllon.com\/#\/schema\/logo\/image\/","url":"https:\/\/sanchezayllon.com\/wp-content\/uploads\/2025\/02\/cropped-Sanchez-ayllon-Logo_Mesa-de-trabajo-1.png","contentUrl":"https:\/\/sanchezayllon.com\/wp-content\/uploads\/2025\/02\/cropped-Sanchez-ayllon-Logo_Mesa-de-trabajo-1.png","width":1919,"height":628,"caption":"Sanchezayllon"},"image":{"@id":"https:\/\/sanchezayllon.com\/#\/schema\/logo\/image\/"}}]}},"_links":{"self":[{"href":"https:\/\/sanchezayllon.com\/en\/wp-json\/wp\/v2\/pages\/51","targetHints":{"allow":["GET"]}}],"collection":[{"href":"https:\/\/sanchezayllon.com\/en\/wp-json\/wp\/v2\/pages"}],"about":[{"href":"https:\/\/sanchezayllon.com\/en\/wp-json\/wp\/v2\/types\/page"}],"author":[{"embeddable":true,"href":"https:\/\/sanchezayllon.com\/en\/wp-json\/wp\/v2\/users\/1"}],"replies":[{"embeddable":true,"href":"https:\/\/sanchezayllon.com\/en\/wp-json\/wp\/v2\/comments?post=51"}],"version-history":[{"count":52,"href":"https:\/\/sanchezayllon.com\/en\/wp-json\/wp\/v2\/pages\/51\/revisions"}],"predecessor-version":[{"id":470,"href":"https:\/\/sanchezayllon.com\/en\/wp-json\/wp\/v2\/pages\/51\/revisions\/470"}],"wp:attachment":[{"href":"https:\/\/sanchezayllon.com\/en\/wp-json\/wp\/v2\/media?parent=51"}],"curies":[{"name":"wp","href":"https:\/\/api.w.org\/{rel}","templated":true}]}}